{"id":8008,"date":"2019-06-11T09:33:01","date_gmt":"2019-06-11T07:33:01","guid":{"rendered":"https:\/\/www.moriscosgolf.com\/?page_id=8008"},"modified":"2019-06-11T09:46:57","modified_gmt":"2019-06-11T07:46:57","slug":"politica-cookies","status":"publish","type":"page","link":"https:\/\/www.moriscosgolf.com\/es\/politica-cookies\/","title":{"rendered":"Pol\u00edtica de Cookies"},"content":{"rendered":"\t\t<div data-elementor-type=\"wp-post\" data-elementor-id=\"8008\" class=\"elementor elementor-8008 elementor-bc-flex-widget\">\n\t\t\t\t\t\t<section class=\"elementor-section elementor-top-section elementor-element elementor-element-2e71d78 elementor-section-boxed elementor-section-height-default elementor-section-height-default\" data-id=\"2e71d78\" data-element_type=\"section\" data-settings=\"{&quot;background_background&quot;:&quot;classic&quot;}\">\n\t\t\t\t\t\t\t<div class=\"elementor-background-overlay\"><\/div>\n\t\t\t\t\t\t\t<div class=\"elementor-container elementor-column-gap-default\">\n\t\t\t\t\t<div class=\"elementor-column elementor-col-100 elementor-top-column elementor-element elementor-element-6e6fa11\" data-id=\"6e6fa11\" data-element_type=\"column\">\n\t\t\t<div class=\"elementor-widget-wrap elementor-element-populated\">\n\t\t\t\t\t\t<div class=\"elementor-element elementor-element-c0b92f0 elementor-widget elementor-widget-heading\" data-id=\"c0b92f0\" data-element_type=\"widget\" data-widget_type=\"heading.default\">\n\t\t\t\t<div class=\"elementor-widget-container\">\n\t\t\t<h2 class=\"elementor-heading-title elementor-size-default\">Pol\u00edtica de Cookies<\/h2>\t\t<\/div>\n\t\t\t\t<\/div>\n\t\t\t\t\t<\/div>\n\t\t<\/div>\n\t\t\t\t\t<\/div>\n\t\t<\/section>\n\t\t\t\t<section class=\"elementor-section elementor-top-section elementor-element elementor-element-3fd54c4 textosclub elementor-section-boxed elementor-section-height-default elementor-section-height-default\" data-id=\"3fd54c4\" data-element_type=\"section\">\n\t\t\t\t\t\t<div class=\"elementor-container elementor-column-gap-default\">\n\t\t\t\t\t<div class=\"elementor-column elementor-col-100 elementor-top-column elementor-element elementor-element-06b4e86\" data-id=\"06b4e86\" data-element_type=\"column\">\n\t\t\t<div class=\"elementor-widget-wrap elementor-element-populated\">\n\t\t\t\t\t\t<section class=\"elementor-section elementor-inner-section elementor-element elementor-element-abb96a9 elementor-section-boxed elementor-section-height-default elementor-section-height-default\" data-id=\"abb96a9\" data-element_type=\"section\">\n\t\t\t\t\t\t<div class=\"elementor-container elementor-column-gap-default\">\n\t\t\t\t\t<div class=\"elementor-column elementor-col-100 elementor-inner-column elementor-element elementor-element-5661f4c\" data-id=\"5661f4c\" data-element_type=\"column\">\n\t\t\t<div class=\"elementor-widget-wrap elementor-element-populated\">\n\t\t\t\t\t\t<div class=\"elementor-element elementor-element-06d6fce elementor-widget elementor-widget-text-editor\" data-id=\"06d6fce\" data-element_type=\"widget\" data-widget_type=\"text-editor.default\">\n\t\t\t\t<div class=\"elementor-widget-container\">\n\t\t\t\t\t\t\t<p><strong>DEFINICI\u00d3N DE COOKIES.<\/strong><\/p><p>Una cookie es un fichero que se descarga en su ordenador al acceder a determinadas p\u00e1ginas web. Las cookies permiten a una p\u00e1gina web, entre otras cosas, almacenar y recuperar informaci\u00f3n sobre los h\u00e1bitos de navegaci\u00f3n de un usuario o de su equipo y, dependiendo de la informaci\u00f3n que contengan y de la forma en que utilice su equipo, pueden utilizarse para reconocer al usuario.<\/p><p>La web del CLUB DE GOLF LOS MORISCOS utiliza cookies propias y de terceros, todas en el dominio <strong>\u201cmoriscosgolf.com\u201d<\/strong>\u00a0<\/p><p><strong>TIPOS DE COOKIES.<\/strong><\/p><p><strong>1.- Tipos de cookies, seg\u00fan la entidad que las gestione:<\/strong><\/p><p><span style=\"text-decoration: underline;\">a) Cookies Propias:<\/span> Son aquellas que se env\u00edan al equipo terminal del usuario desde un equipo o dominio gestionado por el propio editor y desde que se presta el servicio solicitado por el usuario.<\/p><p><span style=\"text-decoration: underline;\">b) Cookies de terceros:<\/span> Son aquellas que se env\u00edan al equipo terminal del usuario desde un equipo o dominio que no es gestionado por el editor, sino por otra entidad que trata los datos obtenidos a trav\u00e9s de las cookies.\u00a0<\/p><p><strong>2.- Tipos de cookies, seg\u00fan su finalidad:<\/strong><\/p><p><span style=\"text-decoration: underline;\">a) Cookies T\u00e9cnicas:<\/span> Son aquellas que permiten al usuario la navegaci\u00f3n a trav\u00e9s de la p\u00e1gina web, plataforma o aplicaci\u00f3n y la utilizaci\u00f3n de las diferentes opciones o servicios que en ella existen.<\/p><p><span style=\"text-decoration: underline;\">b) Cookies de An\u00e1lisis:<\/span> Son aquellas que permiten al responsable de las mismas, el seguimiento y an\u00e1lisis del comportamiento de los usuarios de los sitios web a los que est\u00e1n vinculadas.\u00a0<\/p><p><strong>3.-Tipos de cookies, seg\u00fan el plazo de tiempo de tiempo que permanecen activadas:<\/strong><\/p><p><span style=\"text-decoration: underline;\">a) Cookies de Sesi\u00f3n:<\/span> Son las dise\u00f1adas para recabar y almacenar datos mientras el usuario accede a una p\u00e1gina web. Se suelen emplear para la prestaci\u00f3n del servicio solicitado por el usuario en una sola ocasi\u00f3n.<\/p><p><span style=\"text-decoration: underline;\">b) Cookies Persistentes:<\/span> Son las dise\u00f1adas para que los datos sigan almacenados en el terminal y pueden ser accedidos y tratados durante un periodo definido por el responsable de la cookie, y que puede ir de unos minutos a varios a\u00f1os.\u00a0<\/p><p><strong>4.-Tipos de cookies que utiliza la p\u00e1gina:<\/strong><\/p><p>In the \u00abTools&gt; Settings\u00bb menu, go to the \u00abPrivacy&gt; Content Settings\u00bb tab. After selecting the \u00abShow advanced options\u00bb, select your favorite setting cookies. If you do not want to allow the installation, you can select the \u00abdata block sites and third-party cookies\u00bb.<\/p><table width=\"100%\" cellspacing=\"10\" align=\"center\"><tbody><tr><td style=\"text-align: center;\" width=\"20%\"><p><strong>Cookie\u00a0<\/strong><\/p><p><strong>\u00a0<\/strong><\/p><\/td><td style=\"text-align: center;\" width=\"20%\"><p><strong>Tipo\u00a0<\/strong><\/p><p><strong>\u00a0<\/strong><\/p><\/td><td style=\"text-align: center;\" width=\"40%\"><p><strong>Finalidad\u00a0<\/strong><\/p><p><strong>\u00a0<\/strong><\/p><\/td><td style=\"text-align: center;\" width=\"20%\"><p><strong>Caducidad\u00a0<\/strong><\/p><\/td><\/tr><tr><td style=\"text-align: center;\"><p>__utma\u00a0<\/p><\/td><td style=\"text-align: center;\"><p>An\u00e1lisis\/ Seguimiento \u00a0\u00a0<\/p><\/td><td style=\"text-align: center;\"><p>Se usa para distinguir usuarios y sesiones. La cookie se crea cuando se ejecuta la biblioteca JavaScript y no hay ninguna cookie __utma. La cookie se actualiza cada vez que se env\u00edan datos a Google Analytics.\u00a0\u00a0<\/p><\/td><td style=\"text-align: center;\"><p>Dos a\u00f1os a partir de la configuraci\u00f3n o actualizaci\u00f3n\u00a0<\/p><\/td><\/tr><tr><td style=\"text-align: center;\"><p>__utmz\u00a0\u00a0<\/p><\/td><td style=\"text-align: center;\"><p>An\u00e1lisis\/ Seguimiento \u00a0<\/p><\/td><td style=\"text-align: center;\"><p>Almacena la fuente de tr\u00e1fico o la campa\u00f1a que explica c\u00f3mo ha llegado el usuario al sitio. La cookie se crea cuando se ejecuta la biblioteca JavaScript y se actualiza cada vez que se env\u00edan datos a Google Analytics.\u00a0\u00a0<\/p><\/td><td style=\"text-align: center;\"><p>Seis meses a partir de la configuraci\u00f3n o actualizaci\u00f3n\u00a0<\/p><\/td><\/tr><tr><td style=\"text-align: center;\"><p>_ga\u00a0\u00a0<\/p><\/td><td style=\"text-align: center;\"><p>\u00a0An\u00e1lisis\/ Seguimiento\u00a0<\/p><\/td><td style=\"text-align: center;\"><p>Se usa para distinguir a los usuarios.\u00a0<\/p><\/td><td style=\"text-align: center;\"><p>2 a\u00f1os\u00a0\u00a0<\/p><\/td><\/tr><tr><td style=\"text-align: center;\"><p>_gat\u00a0\u00a0<\/p><\/td><td style=\"text-align: center;\"><p>An\u00e1lisis\/ Seguimiento \u00a0\u00a0<\/p><\/td><td style=\"text-align: center;\"><p>Se usa para limitar el porcentaje de solicitudes.\u00a0\u00a0<\/p><\/td><td style=\"text-align: center;\"><p>10 minutos\u00a0<\/p><\/td><\/tr><\/tbody><\/table><p><strong>BLOQUEO\/ELIMINACION DE LAS COOKIES<\/strong><\/p><p>Puede usted permitir, bloquear o eliminar las cookies instaladas en su equipo mediante la configuraci\u00f3n de las opciones del navegador instalado en su ordenador.<\/p><p><strong>Chrome<\/strong>, desde <a href=\"http:\/\/support.google.com\/chrome\/bin\/answer.py?hl=es&amp;answer=95647\" target=\"_blank\" rel=\"noopener\">http:\/\/support.google.com\/chrome\/bin\/answer.py?hl=es&amp;answer=95647 <\/a><\/p><p><strong>Explorer<\/strong>, desde <a href=\"http:\/\/windows.microsoft.com\/es-es\/windows7\/how-to-manage-cookies-in-internet-explorer-9\" target=\"_blank\" rel=\"noopener\">http:\/\/windows.microsoft.com\/es-es\/windows7\/how-to-manage-cookies-in-internet-explorer-9<\/a><\/p><p><strong>Firefox<\/strong>, desde <a href=\"http:\/\/support.mozilla.org\/es\/kb\/habilitar-y-deshabilitar-cookies-que-los-sitios-we\" target=\"_blank\" rel=\"noopener\">http:\/\/support.mozilla.org\/es\/kb\/habilitar-y-deshabilitar-cookies-que-los-sitios-we<\/a><\/p><p><strong>Safari<\/strong>, desde <a href=\"http:\/\/support.apple.com\/kb\/ph5042\" target=\"_blank\" rel=\"noopener\">http:\/\/support.apple.com\/kb\/ph5042<\/a><\/p><p><strong>ACCESO A DATOS<\/strong><\/p><p>Las cookies de nuestro sitio web son \u00fanicamente utilizadas por:<\/p><p style=\"padding-left: 60px;\">\u2022 El Titular de la p\u00e1gina<\/p><p style=\"padding-left: 60px;\">\u2022 GOOGLE.<\/p><p style=\"padding-left: 60px;\">\u2022 YOUTUBE.<\/p>\t\t\t\t\t\t<\/div>\n\t\t\t\t<\/div>\n\t\t\t\t\t<\/div>\n\t\t<\/div>\n\t\t\t\t\t<\/div>\n\t\t<\/section>\n\t\t\t\t\t<\/div>\n\t\t<\/div>\n\t\t\t\t\t<\/div>\n\t\t<\/section>\n\t\t\t\t<\/div>\n\t\t","protected":false},"excerpt":{"rendered":"<p>Pol\u00edtica de Cookies DEFINICI\u00d3N DE COOKIES. Una cookie es un fichero que se descarga en su ordenador al acceder a determinadas p\u00e1ginas web. Las cookies permiten a una p\u00e1gina web, entre otras cosas, almacenar y recuperar informaci\u00f3n sobre los h\u00e1bitos de navegaci\u00f3n de un usuario o de su equipo y, dependiendo de la informaci\u00f3n que [&hellip;]<\/p>\n","protected":false},"author":1,"featured_media":0,"parent":0,"menu_order":0,"comment_status":"closed","ping_status":"closed","template":"elementor_header_footer","meta":{"footnotes":""},"class_list":["post-8008","page","type-page","status-publish","hentry"],"yoast_head":"<!-- This site is optimized with the Yoast SEO plugin v24.1 - https:\/\/yoast.com\/wordpress\/plugins\/seo\/ -->\n<title>Pol\u00edtica de Cookies - Los Moriscos Club de Golf<\/title>\n<meta name=\"robots\" content=\"index, follow, max-snippet:-1, max-image-preview:large, max-video-preview:-1\" \/>\n<link rel=\"canonical\" href=\"https:\/\/www.moriscosgolf.com\/es\/politica-cookies\/\" \/>\n<meta property=\"og:locale\" content=\"es_ES\" \/>\n<meta property=\"og:type\" content=\"article\" \/>\n<meta property=\"og:title\" content=\"Pol\u00edtica de Cookies - Los Moriscos Club de Golf\" \/>\n<meta property=\"og:description\" content=\"Pol\u00edtica de Cookies DEFINICI\u00d3N DE COOKIES. Una cookie es un fichero que se descarga en su ordenador al acceder a determinadas p\u00e1ginas web. Las cookies permiten a una p\u00e1gina web, entre otras cosas, almacenar y recuperar informaci\u00f3n sobre los h\u00e1bitos de navegaci\u00f3n de un usuario o de su equipo y, dependiendo de la informaci\u00f3n que [&hellip;]\" \/>\n<meta property=\"og:url\" content=\"https:\/\/www.moriscosgolf.com\/es\/politica-cookies\/\" \/>\n<meta property=\"og:site_name\" content=\"Los Moriscos Club de Golf\" \/>\n<meta property=\"article:publisher\" content=\"https:\/\/www.facebook.com\/MoriscosGolf\" \/>\n<meta property=\"article:modified_time\" content=\"2019-06-11T07:46:57+00:00\" \/>\n<meta name=\"twitter:card\" content=\"summary_large_image\" \/>\n<meta name=\"twitter:label1\" content=\"Tiempo de lectura\" \/>\n\t<meta name=\"twitter:data1\" content=\"3 minutos\" \/>\n<script type=\"application\/ld+json\" class=\"yoast-schema-graph\">{\"@context\":\"https:\/\/schema.org\",\"@graph\":[{\"@type\":\"WebPage\",\"@id\":\"https:\/\/www.moriscosgolf.com\/es\/politica-cookies\/\",\"url\":\"https:\/\/www.moriscosgolf.com\/es\/politica-cookies\/\",\"name\":\"Pol\u00edtica de Cookies - Los Moriscos Club de Golf\",\"isPartOf\":{\"@id\":\"https:\/\/www.moriscosgolf.com\/es\/#website\"},\"datePublished\":\"2019-06-11T07:33:01+00:00\",\"dateModified\":\"2019-06-11T07:46:57+00:00\",\"breadcrumb\":{\"@id\":\"https:\/\/www.moriscosgolf.com\/es\/politica-cookies\/#breadcrumb\"},\"inLanguage\":\"es\",\"potentialAction\":[{\"@type\":\"ReadAction\",\"target\":[\"https:\/\/www.moriscosgolf.com\/es\/politica-cookies\/\"]}]},{\"@type\":\"BreadcrumbList\",\"@id\":\"https:\/\/www.moriscosgolf.com\/es\/politica-cookies\/#breadcrumb\",\"itemListElement\":[{\"@type\":\"ListItem\",\"position\":1,\"name\":\"Home\",\"item\":\"https:\/\/www.moriscosgolf.com\/es\/\"},{\"@type\":\"ListItem\",\"position\":2,\"name\":\"Pol\u00edtica de Cookies\"}]},{\"@type\":\"WebSite\",\"@id\":\"https:\/\/www.moriscosgolf.com\/es\/#website\",\"url\":\"https:\/\/www.moriscosgolf.com\/es\/\",\"name\":\"Los Moriscos Club de Golf\",\"description\":\"Campo de golf en la Costa Tropical\",\"publisher\":{\"@id\":\"https:\/\/www.moriscosgolf.com\/es\/#organization\"},\"potentialAction\":[{\"@type\":\"SearchAction\",\"target\":{\"@type\":\"EntryPoint\",\"urlTemplate\":\"https:\/\/www.moriscosgolf.com\/es\/?s={search_term_string}\"},\"query-input\":{\"@type\":\"PropertyValueSpecification\",\"valueRequired\":true,\"valueName\":\"search_term_string\"}}],\"inLanguage\":\"es\"},{\"@type\":\"Organization\",\"@id\":\"https:\/\/www.moriscosgolf.com\/es\/#organization\",\"name\":\"Los Moriscos Club de Golf\",\"url\":\"https:\/\/www.moriscosgolf.com\/es\/\",\"logo\":{\"@type\":\"ImageObject\",\"inLanguage\":\"es\",\"@id\":\"https:\/\/www.moriscosgolf.com\/es\/#\/schema\/logo\/image\/\",\"url\":\"https:\/\/www.moriscosgolf.com\/wp-content\/uploads\/2018\/12\/cropped-ClubLosMoriscos.jpg\",\"contentUrl\":\"https:\/\/www.moriscosgolf.com\/wp-content\/uploads\/2018\/12\/cropped-ClubLosMoriscos.jpg\",\"width\":512,\"height\":512,\"caption\":\"Los Moriscos Club de Golf\"},\"image\":{\"@id\":\"https:\/\/www.moriscosgolf.com\/es\/#\/schema\/logo\/image\/\"},\"sameAs\":[\"https:\/\/www.facebook.com\/MoriscosGolf\"]}]}<\/script>\n<!-- \/ Yoast SEO plugin. -->","yoast_head_json":{"title":"Pol\u00edtica de Cookies - Los Moriscos Club de Golf","robots":{"index":"index","follow":"follow","max-snippet":"max-snippet:-1","max-image-preview":"max-image-preview:large","max-video-preview":"max-video-preview:-1"},"canonical":"https:\/\/www.moriscosgolf.com\/es\/politica-cookies\/","og_locale":"es_ES","og_type":"article","og_title":"Pol\u00edtica de Cookies - Los Moriscos Club de Golf","og_description":"Pol\u00edtica de Cookies DEFINICI\u00d3N DE COOKIES. Una cookie es un fichero que se descarga en su ordenador al acceder a determinadas p\u00e1ginas web. Las cookies permiten a una p\u00e1gina web, entre otras cosas, almacenar y recuperar informaci\u00f3n sobre los h\u00e1bitos de navegaci\u00f3n de un usuario o de su equipo y, dependiendo de la informaci\u00f3n que [&hellip;]","og_url":"https:\/\/www.moriscosgolf.com\/es\/politica-cookies\/","og_site_name":"Los Moriscos Club de Golf","article_publisher":"https:\/\/www.facebook.com\/MoriscosGolf","article_modified_time":"2019-06-11T07:46:57+00:00","twitter_card":"summary_large_image","twitter_misc":{"Tiempo de lectura":"3 minutos"},"schema":{"@context":"https:\/\/schema.org","@graph":[{"@type":"WebPage","@id":"https:\/\/www.moriscosgolf.com\/es\/politica-cookies\/","url":"https:\/\/www.moriscosgolf.com\/es\/politica-cookies\/","name":"Pol\u00edtica de Cookies - Los Moriscos Club de Golf","isPartOf":{"@id":"https:\/\/www.moriscosgolf.com\/es\/#website"},"datePublished":"2019-06-11T07:33:01+00:00","dateModified":"2019-06-11T07:46:57+00:00","breadcrumb":{"@id":"https:\/\/www.moriscosgolf.com\/es\/politica-cookies\/#breadcrumb"},"inLanguage":"es","potentialAction":[{"@type":"ReadAction","target":["https:\/\/www.moriscosgolf.com\/es\/politica-cookies\/"]}]},{"@type":"BreadcrumbList","@id":"https:\/\/www.moriscosgolf.com\/es\/politica-cookies\/#breadcrumb","itemListElement":[{"@type":"ListItem","position":1,"name":"Home","item":"https:\/\/www.moriscosgolf.com\/es\/"},{"@type":"ListItem","position":2,"name":"Pol\u00edtica de Cookies"}]},{"@type":"WebSite","@id":"https:\/\/www.moriscosgolf.com\/es\/#website","url":"https:\/\/www.moriscosgolf.com\/es\/","name":"Los Moriscos Club de Golf","description":"Campo de golf en la Costa Tropical","publisher":{"@id":"https:\/\/www.moriscosgolf.com\/es\/#organization"},"potentialAction":[{"@type":"SearchAction","target":{"@type":"EntryPoint","urlTemplate":"https:\/\/www.moriscosgolf.com\/es\/?s={search_term_string}"},"query-input":{"@type":"PropertyValueSpecification","valueRequired":true,"valueName":"search_term_string"}}],"inLanguage":"es"},{"@type":"Organization","@id":"https:\/\/www.moriscosgolf.com\/es\/#organization","name":"Los Moriscos Club de Golf","url":"https:\/\/www.moriscosgolf.com\/es\/","logo":{"@type":"ImageObject","inLanguage":"es","@id":"https:\/\/www.moriscosgolf.com\/es\/#\/schema\/logo\/image\/","url":"https:\/\/www.moriscosgolf.com\/wp-content\/uploads\/2018\/12\/cropped-ClubLosMoriscos.jpg","contentUrl":"https:\/\/www.moriscosgolf.com\/wp-content\/uploads\/2018\/12\/cropped-ClubLosMoriscos.jpg","width":512,"height":512,"caption":"Los Moriscos Club de Golf"},"image":{"@id":"https:\/\/www.moriscosgolf.com\/es\/#\/schema\/logo\/image\/"},"sameAs":["https:\/\/www.facebook.com\/MoriscosGolf"]}]}},"_links":{"self":[{"href":"https:\/\/www.moriscosgolf.com\/es\/wp-json\/wp\/v2\/pages\/8008\/"}],"collection":[{"href":"https:\/\/www.moriscosgolf.com\/es\/wp-json\/wp\/v2\/pages\/"}],"about":[{"href":"https:\/\/www.moriscosgolf.com\/es\/wp-json\/wp\/v2\/types\/page\/"}],"author":[{"embeddable":true,"href":"https:\/\/www.moriscosgolf.com\/es\/wp-json\/wp\/v2\/users\/1\/"}],"replies":[{"embeddable":true,"href":"https:\/\/www.moriscosgolf.com\/es\/wp-json\/wp\/v2\/comments\/?post=8008"}],"version-history":[{"count":2,"href":"https:\/\/www.moriscosgolf.com\/es\/wp-json\/wp\/v2\/pages\/8008\/revisions\/"}],"predecessor-version":[{"id":8010,"href":"https:\/\/www.moriscosgolf.com\/es\/wp-json\/wp\/v2\/pages\/8008\/revisions\/8010\/"}],"wp:attachment":[{"href":"https:\/\/www.moriscosgolf.com\/es\/wp-json\/wp\/v2\/media\/?parent=8008"}],"curies":[{"name":"wp","href":"https:\/\/api.w.org\/{rel}","templated":true}]}}