{"id":7683,"date":"2019-03-15T13:39:35","date_gmt":"2019-03-15T12:39:35","guid":{"rendered":"https:\/\/www.moriscosgolf.com\/hotel-golf\/"},"modified":"2025-03-25T09:44:54","modified_gmt":"2025-03-25T08:44:54","slug":"hotel-golf","status":"publish","type":"page","link":"https:\/\/www.moriscosgolf.com\/es\/hotel-golf\/","title":{"rendered":"Hotel &#038; Golf"},"content":{"rendered":"\t\t<div data-elementor-type=\"wp-post\" data-elementor-id=\"7683\" class=\"elementor elementor-7683\">\n\t\t\t\t\t\t<section class=\"elementor-section elementor-top-section elementor-element elementor-element-2e71d78 elementor-section-boxed elementor-section-height-default elementor-section-height-default\" data-id=\"2e71d78\" data-element_type=\"section\" data-settings=\"{&quot;background_background&quot;:&quot;classic&quot;}\">\n\t\t\t\t\t\t\t<div class=\"elementor-background-overlay\"><\/div>\n\t\t\t\t\t\t\t<div class=\"elementor-container elementor-column-gap-default\">\n\t\t\t\t\t<div class=\"elementor-column elementor-col-100 elementor-top-column elementor-element elementor-element-6e6fa11\" data-id=\"6e6fa11\" data-element_type=\"column\">\n\t\t\t<div class=\"elementor-widget-wrap elementor-element-populated\">\n\t\t\t\t\t\t<div class=\"elementor-element elementor-element-c0b92f0 elementor-widget elementor-widget-heading\" data-id=\"c0b92f0\" data-element_type=\"widget\" data-widget_type=\"heading.default\">\n\t\t\t\t<div class=\"elementor-widget-container\">\n\t\t\t<h2 class=\"elementor-heading-title elementor-size-default\">Hotel &amp; Golf <\/h2>\t\t<\/div>\n\t\t\t\t<\/div>\n\t\t\t\t\t<\/div>\n\t\t<\/div>\n\t\t\t\t\t<\/div>\n\t\t<\/section>\n\t\t\t\t<section class=\"elementor-section elementor-top-section elementor-element elementor-element-3fd54c4 textosclub elementor-section-boxed elementor-section-height-default elementor-section-height-default\" data-id=\"3fd54c4\" data-element_type=\"section\">\n\t\t\t\t\t\t<div class=\"elementor-container elementor-column-gap-default\">\n\t\t\t\t\t<div class=\"elementor-column elementor-col-100 elementor-top-column elementor-element elementor-element-06b4e86\" data-id=\"06b4e86\" data-element_type=\"column\">\n\t\t\t<div class=\"elementor-widget-wrap elementor-element-populated\">\n\t\t\t\t\t\t<section class=\"elementor-section elementor-inner-section elementor-element elementor-element-abb96a9 elementor-section-boxed elementor-section-height-default elementor-section-height-default\" data-id=\"abb96a9\" data-element_type=\"section\">\n\t\t\t\t\t\t<div class=\"elementor-container elementor-column-gap-default\">\n\t\t\t\t\t<div class=\"elementor-column elementor-col-66 elementor-inner-column elementor-element elementor-element-5661f4c\" data-id=\"5661f4c\" data-element_type=\"column\">\n\t\t\t<div class=\"elementor-widget-wrap elementor-element-populated\">\n\t\t\t\t\t\t<div class=\"elementor-element elementor-element-06d6fce elementor-widget elementor-widget-text-editor\" data-id=\"06d6fce\" data-element_type=\"widget\" data-widget_type=\"text-editor.default\">\n\t\t\t\t<div class=\"elementor-widget-container\">\n\t\t\t\t\t\t\t<p>Las completas instalaciones y servicios de <strong>Impressive Playa Granada Golf<\/strong>\u00a0y nuestra localizaci\u00f3n te permitir\u00e1n disfrutar de m\u00faltiples experiencias en un entorno que lo tiene todo: pr\u00f3ximos a la playa, a Sierra Nevada y con diferentes posibilidades para practicar deporte y conocer Granada y La Alpujarra.<\/p>\t\t\t\t\t\t<\/div>\n\t\t\t\t<\/div>\n\t\t\t\t<div class=\"elementor-element elementor-element-7601b09 elementor-widget elementor-widget-text-editor\" data-id=\"7601b09\" data-element_type=\"widget\" data-widget_type=\"text-editor.default\">\n\t\t\t\t<div class=\"elementor-widget-container\">\n\t\t\t\t\t\t\t<p>Si prefieres practicar el turismo urbano, <strong>Granada se sit\u00faa a unos 40 minutos en coche.<\/strong> Podr\u00e1s visitar todo el legado \u00e1rabe que dejaron en esta ciudad nuestros antepasados: La Alhambra, El Generalife, La Capilla Real. No te pierdas los barrios m\u00e1s emblem\u00e1ticos de la preciosa ciudad de Granada.<\/p>\t\t\t\t\t\t<\/div>\n\t\t\t\t<\/div>\n\t\t\t\t\t<\/div>\n\t\t<\/div>\n\t\t\t\t<div class=\"elementor-column elementor-col-33 elementor-inner-column elementor-element elementor-element-6f070d2\" data-id=\"6f070d2\" data-element_type=\"column\">\n\t\t\t<div class=\"elementor-widget-wrap elementor-element-populated\">\n\t\t\t\t\t\t<div class=\"elementor-element elementor-element-aadbf14 elementor-widget elementor-widget-image-gallery\" data-id=\"aadbf14\" data-element_type=\"widget\" data-widget_type=\"image-gallery.default\">\n\t\t\t\t<div class=\"elementor-widget-container\">\n\t\t\t\t\t<div class=\"elementor-image-gallery\">\n\t\t\t\n\t\t<style type=\"text\/css\">\n\t\t\t#gallery-1 {\n\t\t\t\tmargin: auto;\n\t\t\t}\n\t\t\t#gallery-1 .gallery-item {\n\t\t\t\tfloat: left;\n\t\t\t\tmargin-top: 10px;\n\t\t\t\ttext-align: center;\n\t\t\t\twidth: 50%;\n\t\t\t}\n\t\t\t#gallery-1 img {\n\t\t\t\tborder: 2px solid #cfcfcf;\n\t\t\t}\n\t\t\t#gallery-1 .gallery-caption {\n\t\t\t\tmargin-left: 0;\n\t\t\t}\n\t\t\t\/* see gallery_shortcode() in wp-includes\/media.php *\/\n\t\t<\/style>\n\t\t<div id='gallery-1' class='gallery galleryid-7683 gallery-columns-2 gallery-size-medium'><dl class='gallery-item'>\n\t\t\t<dt class='gallery-icon landscape'>\n\t\t\t\t<a data-elementor-open-lightbox=\"yes\" data-elementor-lightbox-slideshow=\"aadbf14\" data-elementor-lightbox-title=\"Playa\" data-e-action-hash=\"#elementor-action%3Aaction%3Dlightbox%26settings%3DeyJpZCI6NzE4MiwidXJsIjoiaHR0cHM6XC9cL3d3dy5tb3Jpc2Nvc2dvbGYuY29tXC93cC1jb250ZW50XC91cGxvYWRzXC8yMDE4XC8xMlwvUGxheWEuanBnIiwic2xpZGVzaG93IjoiYWFkYmYxNCJ9\" href='https:\/\/www.moriscosgolf.com\/wp-content\/uploads\/2018\/12\/Playa.jpg'><img decoding=\"async\" width=\"300\" height=\"165\" src=\"https:\/\/www.moriscosgolf.com\/wp-content\/uploads\/2018\/12\/Playa-300x165.jpg\" class=\"attachment-medium size-medium\" alt=\"\" srcset=\"https:\/\/www.moriscosgolf.com\/wp-content\/uploads\/2018\/12\/Playa-300x165.jpg 300w, https:\/\/www.moriscosgolf.com\/wp-content\/uploads\/2018\/12\/Playa-768x422.jpg 768w, https:\/\/www.moriscosgolf.com\/wp-content\/uploads\/2018\/12\/Playa-1024x562.jpg 1024w, https:\/\/www.moriscosgolf.com\/wp-content\/uploads\/2018\/12\/Playa-600x330.jpg 600w, https:\/\/www.moriscosgolf.com\/wp-content\/uploads\/2018\/12\/Playa.jpg 1440w\" sizes=\"(max-width: 300px) 100vw, 300px\" \/><\/a>\n\t\t\t<\/dt><\/dl><dl class='gallery-item'>\n\t\t\t<dt class='gallery-icon landscape'>\n\t\t\t\t<a data-elementor-open-lightbox=\"yes\" data-elementor-lightbox-slideshow=\"aadbf14\" data-elementor-lightbox-title=\"EXTERIORES_17\" data-e-action-hash=\"#elementor-action%3Aaction%3Dlightbox%26settings%3DeyJpZCI6NzE4NCwidXJsIjoiaHR0cHM6XC9cL3d3dy5tb3Jpc2Nvc2dvbGYuY29tXC93cC1jb250ZW50XC91cGxvYWRzXC8yMDE4XC8xMlwvRVhURVJJT1JFU18xNy5qcGciLCJzbGlkZXNob3ciOiJhYWRiZjE0In0%3D\" href='https:\/\/www.moriscosgolf.com\/wp-content\/uploads\/2018\/12\/EXTERIORES_17.jpg'><img decoding=\"async\" width=\"300\" height=\"165\" src=\"https:\/\/www.moriscosgolf.com\/wp-content\/uploads\/2018\/12\/EXTERIORES_17-300x165.jpg\" class=\"attachment-medium size-medium\" alt=\"\" srcset=\"https:\/\/www.moriscosgolf.com\/wp-content\/uploads\/2018\/12\/EXTERIORES_17-300x165.jpg 300w, https:\/\/www.moriscosgolf.com\/wp-content\/uploads\/2018\/12\/EXTERIORES_17-768x422.jpg 768w, https:\/\/www.moriscosgolf.com\/wp-content\/uploads\/2018\/12\/EXTERIORES_17-1024x562.jpg 1024w, https:\/\/www.moriscosgolf.com\/wp-content\/uploads\/2018\/12\/EXTERIORES_17-600x330.jpg 600w, https:\/\/www.moriscosgolf.com\/wp-content\/uploads\/2018\/12\/EXTERIORES_17.jpg 1440w\" sizes=\"(max-width: 300px) 100vw, 300px\" \/><\/a>\n\t\t\t<\/dt><\/dl><br style=\"clear: both\" \/><dl class='gallery-item'>\n\t\t\t<dt class='gallery-icon landscape'>\n\t\t\t\t<a data-elementor-open-lightbox=\"yes\" data-elementor-lightbox-slideshow=\"aadbf14\" data-elementor-lightbox-title=\"mini_IMG_3564\" data-e-action-hash=\"#elementor-action%3Aaction%3Dlightbox%26settings%3DeyJpZCI6NzE4NiwidXJsIjoiaHR0cHM6XC9cL3d3dy5tb3Jpc2Nvc2dvbGYuY29tXC93cC1jb250ZW50XC91cGxvYWRzXC8yMDE4XC8xMlwvbWluaV9JTUdfMzU2NC5qcGciLCJzbGlkZXNob3ciOiJhYWRiZjE0In0%3D\" href='https:\/\/www.moriscosgolf.com\/wp-content\/uploads\/2018\/12\/mini_IMG_3564.jpg'><img decoding=\"async\" width=\"300\" height=\"165\" src=\"https:\/\/www.moriscosgolf.com\/wp-content\/uploads\/2018\/12\/mini_IMG_3564-300x165.jpg\" class=\"attachment-medium size-medium\" alt=\"\" srcset=\"https:\/\/www.moriscosgolf.com\/wp-content\/uploads\/2018\/12\/mini_IMG_3564-300x165.jpg 300w, https:\/\/www.moriscosgolf.com\/wp-content\/uploads\/2018\/12\/mini_IMG_3564-768x422.jpg 768w, https:\/\/www.moriscosgolf.com\/wp-content\/uploads\/2018\/12\/mini_IMG_3564-1024x562.jpg 1024w, https:\/\/www.moriscosgolf.com\/wp-content\/uploads\/2018\/12\/mini_IMG_3564-600x330.jpg 600w, https:\/\/www.moriscosgolf.com\/wp-content\/uploads\/2018\/12\/mini_IMG_3564.jpg 1440w\" sizes=\"(max-width: 300px) 100vw, 300px\" \/><\/a>\n\t\t\t<\/dt><\/dl><dl class='gallery-item'>\n\t\t\t<dt class='gallery-icon landscape'>\n\t\t\t\t<a data-elementor-open-lightbox=\"yes\" data-elementor-lightbox-slideshow=\"aadbf14\" data-elementor-lightbox-title=\"mini_IMG_3562\" data-e-action-hash=\"#elementor-action%3Aaction%3Dlightbox%26settings%3DeyJpZCI6NzE4OCwidXJsIjoiaHR0cHM6XC9cL3d3dy5tb3Jpc2Nvc2dvbGYuY29tXC93cC1jb250ZW50XC91cGxvYWRzXC8yMDE4XC8xMlwvbWluaV9JTUdfMzU2Mi5qcGciLCJzbGlkZXNob3ciOiJhYWRiZjE0In0%3D\" href='https:\/\/www.moriscosgolf.com\/wp-content\/uploads\/2018\/12\/mini_IMG_3562.jpg'><img loading=\"lazy\" decoding=\"async\" width=\"300\" height=\"165\" src=\"https:\/\/www.moriscosgolf.com\/wp-content\/uploads\/2018\/12\/mini_IMG_3562-300x165.jpg\" class=\"attachment-medium size-medium\" alt=\"\" srcset=\"https:\/\/www.moriscosgolf.com\/wp-content\/uploads\/2018\/12\/mini_IMG_3562-300x165.jpg 300w, https:\/\/www.moriscosgolf.com\/wp-content\/uploads\/2018\/12\/mini_IMG_3562-768x422.jpg 768w, https:\/\/www.moriscosgolf.com\/wp-content\/uploads\/2018\/12\/mini_IMG_3562-1024x562.jpg 1024w, https:\/\/www.moriscosgolf.com\/wp-content\/uploads\/2018\/12\/mini_IMG_3562-600x330.jpg 600w, https:\/\/www.moriscosgolf.com\/wp-content\/uploads\/2018\/12\/mini_IMG_3562.jpg 1440w\" sizes=\"(max-width: 300px) 100vw, 300px\" \/><\/a>\n\t\t\t<\/dt><\/dl><br style=\"clear: both\" \/>\n\t\t<\/div>\n\t\t<\/div>\n\t\t\t\t<\/div>\n\t\t\t\t<\/div>\n\t\t\t\t\t<\/div>\n\t\t<\/div>\n\t\t\t\t\t<\/div>\n\t\t<\/section>\n\t\t\t\t\t<\/div>\n\t\t<\/div>\n\t\t\t\t\t<\/div>\n\t\t<\/section>\n\t\t\t\t<section class=\"elementor-section elementor-top-section elementor-element elementor-element-56304e3 elementor-section-boxed elementor-section-height-default elementor-section-height-default\" data-id=\"56304e3\" data-element_type=\"section\">\n\t\t\t\t\t\t<div class=\"elementor-container elementor-column-gap-default\">\n\t\t\t\t\t<div class=\"elementor-column elementor-col-100 elementor-top-column elementor-element elementor-element-dd37e7f\" data-id=\"dd37e7f\" data-element_type=\"column\">\n\t\t\t<div class=\"elementor-widget-wrap elementor-element-populated\">\n\t\t\t\t\t\t<div class=\"elementor-element elementor-element-8e78c40 elementor-align-center elementor-button-info elementor-widget elementor-widget-button\" data-id=\"8e78c40\" data-element_type=\"widget\" data-widget_type=\"button.default\">\n\t\t\t\t<div class=\"elementor-widget-container\">\n\t\t\t\t\t\t\t<div class=\"elementor-button-wrapper\">\n\t\t\t\t\t<a class=\"elementor-button elementor-button-link elementor-size-sm\" href=\"http:\/\/www.impressiveresortsplayagranada.com\/\" target=\"_blank\">\n\t\t\t\t\t\t<span class=\"elementor-button-content-wrapper\">\n\t\t\t\t\t\t<span class=\"elementor-button-icon\">\n\t\t\t\t<i aria-hidden=\"true\" class=\"fas fa-bed\"><\/i>\t\t\t<\/span>\n\t\t\t\t\t\t\t\t\t<span class=\"elementor-button-text\">Visita la web del Hotel<\/span>\n\t\t\t\t\t<\/span>\n\t\t\t\t\t<\/a>\n\t\t\t\t<\/div>\n\t\t\t\t\t\t<\/div>\n\t\t\t\t<\/div>\n\t\t\t\t\t<\/div>\n\t\t<\/div>\n\t\t\t\t\t<\/div>\n\t\t<\/section>\n\t\t\t\t<section class=\"elementor-section elementor-top-section elementor-element elementor-element-83bceed elementor-section-boxed elementor-section-height-default elementor-section-height-default\" data-id=\"83bceed\" data-element_type=\"section\">\n\t\t\t\t\t\t<div class=\"elementor-container elementor-column-gap-no\">\n\t\t\t\t\t<div class=\"elementor-column elementor-col-100 elementor-top-column elementor-element elementor-element-03f7ff9\" data-id=\"03f7ff9\" data-element_type=\"column\">\n\t\t\t<div class=\"elementor-widget-wrap elementor-element-populated\">\n\t\t\t\t\t\t<div class=\"elementor-element elementor-element-b30d156 elementor-widget elementor-widget-ova_heading\" data-id=\"b30d156\" data-element_type=\"widget\" data-widget_type=\"ova_heading.default\">\n\t\t\t\t<div class=\"elementor-widget-container\">\n\t\t\t\t\t\n\t\t<div class=\"ova_heading version_3 \">\n\t\t\t<div class=\"icon_top\"><i class=\"fa fa-home\"><\/i><\/div>\n\t\t\t<div class=\"sub_title second_font\">Descubre<\/div>\n\t\t\t<div class=\"title second_font\">\n\t\t\t\t<span class=\"line_left\"><\/span>\n\t\t\t\t<div class=\"text_title\">Nuestros paquetes<\/div>\n\t\t\t\t<span class=\"line_right\"><\/span>\n\t\t\t<\/div>\n\t\t\t<div class=\"line_bottom\"><\/div>\n\t\t\t<div class=\"description second_font\">Contacta con nosotros para obtener m\u00e1s informaci\u00f3n sobre como reservar<\/div>\n\t\t\t\t\t\t\t<img decoding=\"async\" class=\"images\" src=\"https:\/\/www.moriscosgolf.com\/wp-content\/plugins\/ova-framework\/\/assets\/img\/line_heading.png\" alt=\"\" \/>\n\t\t\t\t\t\t<div class=\"icon_bottom\"><i class=\"\"><\/i><\/div>\n\t\t<\/div>\n\n\t\t\t\t<\/div>\n\t\t\t\t<\/div>\n\t\t\t\t<div class=\"elementor-element elementor-element-e9a0c72 elementor-widget elementor-widget-ova_offers_5\" data-id=\"e9a0c72\" data-element_type=\"widget\" data-widget_type=\"ova_offers_5.default\">\n\t\t\t\t<div class=\"elementor-widget-container\">\n\t\t\t\t\t<div class=\"offers_5 \">\n\t\t\t<img decoding=\"async\" src=\"https:\/\/www.moriscosgolf.com\/wp-content\/uploads\/2019\/02\/GOLF-PACKAGE-OFFER.jpg\" alt=\"\">\n\t\t\t<div class=\"overlay_content\"><\/div>\n\t\t\t<div class=\"content\">\n\t\t\t\t<div class=\"price\">\n\t\t\t\t\t<span class=\"number_price second_font\">150\u20ac<\/span>\n\t\t\t\t\t<span class=\"slash\"><\/span>\n\t\t\t\t\t<span class=\"text_price\">Night<\/span>\n\t\t\t\t<\/div>\n\t\t\t\t<div class=\"title second_font\">ESCAPADA GOLF<\/div>\n\t\t\t\t<div class=\"description\">AL\u00d3JATE EN PLAYA GRANADA Y DESCUBRE NUESTRO CAMPO DE GOLF AL MEJOR PRECIO<\/div>\n\t\t\t\t<div class=\"button\">\n\t\t\t\t\t<a class=\"text_button elementor-animation-\" href=\"https:\/\/www.playagranadaclubresort.com\/promociones\/golf-break-122jd1\/\"  target=&quot;_blank&quot; >RESERVAR<\/a>\n\t\t\t\t<\/div>\n\t\t\t<\/div>\n\t\t\t<div class=\"discount second_font\">-10%<\/div>\n\t\t<\/div>\n\t\t\t\t<\/div>\n\t\t\t\t<\/div>\n\t\t\t\t\t<\/div>\n\t\t<\/div>\n\t\t\t\t\t<\/div>\n\t\t<\/section>\n\t\t\t\t<\/div>\n\t\t","protected":false},"excerpt":{"rendered":"<p>Hotel &amp; Golf Las completas instalaciones y servicios de Impressive Playa Granada Golf\u00a0y nuestra localizaci\u00f3n te permitir\u00e1n disfrutar de m\u00faltiples experiencias en un entorno que lo tiene todo: pr\u00f3ximos a la playa, a Sierra Nevada y con diferentes posibilidades para practicar deporte y conocer Granada y La Alpujarra. Si prefieres practicar el turismo urbano, Granada [&hellip;]<\/p>\n","protected":false},"author":1,"featured_media":0,"parent":0,"menu_order":0,"comment_status":"closed","ping_status":"closed","template":"elementor_header_footer","meta":{"footnotes":""},"class_list":["post-7683","page","type-page","status-publish","hentry"],"yoast_head":"<!-- This site is optimized with the Yoast SEO plugin v24.1 - https:\/\/yoast.com\/wordpress\/plugins\/seo\/ -->\n<title>Paquetes de hotel y golf en la Costa Tropical - Los Moriscos Club de Golf<\/title>\n<meta name=\"description\" content=\"Al\u00f3jate en un hotel espectacular y juega al golf sin salir del resort en la Costa Tropical de Granada, los mejores paquetes de hotel y golf\" \/>\n<meta name=\"robots\" content=\"index, follow, max-snippet:-1, max-image-preview:large, max-video-preview:-1\" \/>\n<link rel=\"canonical\" href=\"https:\/\/www.moriscosgolf.com\/es\/hotel-golf-packages\/\" \/>\n<meta property=\"og:locale\" content=\"es_ES\" \/>\n<meta property=\"og:type\" content=\"article\" \/>\n<meta property=\"og:title\" content=\"Paquetes de hotel y golf en la Costa Tropical - Los Moriscos Club de Golf\" \/>\n<meta property=\"og:description\" content=\"Al\u00f3jate en un hotel espectacular y juega al golf sin salir del resort en la Costa Tropical de Granada, los mejores paquetes de hotel y golf\" \/>\n<meta property=\"og:url\" content=\"https:\/\/www.moriscosgolf.com\/hotel-golf-packages\/\" \/>\n<meta property=\"og:site_name\" content=\"Los Moriscos Club de Golf\" \/>\n<meta property=\"article:publisher\" content=\"https:\/\/www.facebook.com\/MoriscosGolf\" \/>\n<meta property=\"article:modified_time\" content=\"2025-03-25T08:44:54+00:00\" \/>\n<meta property=\"og:image\" content=\"https:\/\/www.moriscosgolf.com\/wp-content\/uploads\/2018\/12\/Playa-300x165.jpg\" \/>\n<meta name=\"twitter:card\" content=\"summary_large_image\" \/>\n<meta name=\"twitter:label1\" content=\"Tiempo de lectura\" \/>\n\t<meta name=\"twitter:data1\" content=\"2 minutos\" \/>\n<script type=\"application\/ld+json\" class=\"yoast-schema-graph\">{\"@context\":\"https:\/\/schema.org\",\"@graph\":[{\"@type\":\"WebPage\",\"@id\":\"https:\/\/www.moriscosgolf.com\/hotel-golf-packages\/\",\"url\":\"https:\/\/www.moriscosgolf.com\/hotel-golf-packages\/\",\"name\":\"Paquetes de hotel y golf en la Costa Tropical - Los Moriscos Club de Golf\",\"isPartOf\":{\"@id\":\"https:\/\/www.moriscosgolf.com\/es\/#website\"},\"primaryImageOfPage\":{\"@id\":\"https:\/\/www.moriscosgolf.com\/hotel-golf-packages\/#primaryimage\"},\"image\":{\"@id\":\"https:\/\/www.moriscosgolf.com\/hotel-golf-packages\/#primaryimage\"},\"thumbnailUrl\":\"https:\/\/www.moriscosgolf.com\/wp-content\/uploads\/2018\/12\/Playa-300x165.jpg\",\"datePublished\":\"2019-03-15T12:39:35+00:00\",\"dateModified\":\"2025-03-25T08:44:54+00:00\",\"description\":\"Al\u00f3jate en un hotel espectacular y juega al golf sin salir del resort en la Costa Tropical de Granada, los mejores paquetes de hotel y golf\",\"breadcrumb\":{\"@id\":\"https:\/\/www.moriscosgolf.com\/hotel-golf-packages\/#breadcrumb\"},\"inLanguage\":\"es\",\"potentialAction\":[{\"@type\":\"ReadAction\",\"target\":[\"https:\/\/www.moriscosgolf.com\/hotel-golf-packages\/\"]}]},{\"@type\":\"ImageObject\",\"inLanguage\":\"es\",\"@id\":\"https:\/\/www.moriscosgolf.com\/hotel-golf-packages\/#primaryimage\",\"url\":\"https:\/\/www.moriscosgolf.com\/wp-content\/uploads\/2018\/12\/Playa-300x165.jpg\",\"contentUrl\":\"https:\/\/www.moriscosgolf.com\/wp-content\/uploads\/2018\/12\/Playa-300x165.jpg\"},{\"@type\":\"BreadcrumbList\",\"@id\":\"https:\/\/www.moriscosgolf.com\/hotel-golf-packages\/#breadcrumb\",\"itemListElement\":[{\"@type\":\"ListItem\",\"position\":1,\"name\":\"Home\",\"item\":\"https:\/\/www.moriscosgolf.com\/es\/\"},{\"@type\":\"ListItem\",\"position\":2,\"name\":\"Hotel &#038; Golf\"}]},{\"@type\":\"WebSite\",\"@id\":\"https:\/\/www.moriscosgolf.com\/es\/#website\",\"url\":\"https:\/\/www.moriscosgolf.com\/es\/\",\"name\":\"Los Moriscos Club de Golf\",\"description\":\"Campo de golf en la Costa Tropical\",\"publisher\":{\"@id\":\"https:\/\/www.moriscosgolf.com\/es\/#organization\"},\"potentialAction\":[{\"@type\":\"SearchAction\",\"target\":{\"@type\":\"EntryPoint\",\"urlTemplate\":\"https:\/\/www.moriscosgolf.com\/es\/?s={search_term_string}\"},\"query-input\":{\"@type\":\"PropertyValueSpecification\",\"valueRequired\":true,\"valueName\":\"search_term_string\"}}],\"inLanguage\":\"es\"},{\"@type\":\"Organization\",\"@id\":\"https:\/\/www.moriscosgolf.com\/es\/#organization\",\"name\":\"Los Moriscos Club de Golf\",\"url\":\"https:\/\/www.moriscosgolf.com\/es\/\",\"logo\":{\"@type\":\"ImageObject\",\"inLanguage\":\"es\",\"@id\":\"https:\/\/www.moriscosgolf.com\/es\/#\/schema\/logo\/image\/\",\"url\":\"https:\/\/www.moriscosgolf.com\/wp-content\/uploads\/2018\/12\/cropped-ClubLosMoriscos.jpg\",\"contentUrl\":\"https:\/\/www.moriscosgolf.com\/wp-content\/uploads\/2018\/12\/cropped-ClubLosMoriscos.jpg\",\"width\":512,\"height\":512,\"caption\":\"Los Moriscos Club de Golf\"},\"image\":{\"@id\":\"https:\/\/www.moriscosgolf.com\/es\/#\/schema\/logo\/image\/\"},\"sameAs\":[\"https:\/\/www.facebook.com\/MoriscosGolf\"]}]}<\/script>\n<!-- \/ Yoast SEO plugin. -->","yoast_head_json":{"title":"Paquetes de hotel y golf en la Costa Tropical - Los Moriscos Club de Golf","description":"Al\u00f3jate en un hotel espectacular y juega al golf sin salir del resort en la Costa Tropical de Granada, los mejores paquetes de hotel y golf","robots":{"index":"index","follow":"follow","max-snippet":"max-snippet:-1","max-image-preview":"max-image-preview:large","max-video-preview":"max-video-preview:-1"},"canonical":"https:\/\/www.moriscosgolf.com\/es\/hotel-golf-packages\/","og_locale":"es_ES","og_type":"article","og_title":"Paquetes de hotel y golf en la Costa Tropical - Los Moriscos Club de Golf","og_description":"Al\u00f3jate en un hotel espectacular y juega al golf sin salir del resort en la Costa Tropical de Granada, los mejores paquetes de hotel y golf","og_url":"https:\/\/www.moriscosgolf.com\/hotel-golf-packages\/","og_site_name":"Los Moriscos Club de Golf","article_publisher":"https:\/\/www.facebook.com\/MoriscosGolf","article_modified_time":"2025-03-25T08:44:54+00:00","og_image":[{"url":"https:\/\/www.moriscosgolf.com\/wp-content\/uploads\/2018\/12\/Playa-300x165.jpg","type":"","width":"","height":""}],"twitter_card":"summary_large_image","twitter_misc":{"Tiempo de lectura":"2 minutos"},"schema":{"@context":"https:\/\/schema.org","@graph":[{"@type":"WebPage","@id":"https:\/\/www.moriscosgolf.com\/hotel-golf-packages\/","url":"https:\/\/www.moriscosgolf.com\/hotel-golf-packages\/","name":"Paquetes de hotel y golf en la Costa Tropical - Los Moriscos Club de Golf","isPartOf":{"@id":"https:\/\/www.moriscosgolf.com\/es\/#website"},"primaryImageOfPage":{"@id":"https:\/\/www.moriscosgolf.com\/hotel-golf-packages\/#primaryimage"},"image":{"@id":"https:\/\/www.moriscosgolf.com\/hotel-golf-packages\/#primaryimage"},"thumbnailUrl":"https:\/\/www.moriscosgolf.com\/wp-content\/uploads\/2018\/12\/Playa-300x165.jpg","datePublished":"2019-03-15T12:39:35+00:00","dateModified":"2025-03-25T08:44:54+00:00","description":"Al\u00f3jate en un hotel espectacular y juega al golf sin salir del resort en la Costa Tropical de Granada, los mejores paquetes de hotel y golf","breadcrumb":{"@id":"https:\/\/www.moriscosgolf.com\/hotel-golf-packages\/#breadcrumb"},"inLanguage":"es","potentialAction":[{"@type":"ReadAction","target":["https:\/\/www.moriscosgolf.com\/hotel-golf-packages\/"]}]},{"@type":"ImageObject","inLanguage":"es","@id":"https:\/\/www.moriscosgolf.com\/hotel-golf-packages\/#primaryimage","url":"https:\/\/www.moriscosgolf.com\/wp-content\/uploads\/2018\/12\/Playa-300x165.jpg","contentUrl":"https:\/\/www.moriscosgolf.com\/wp-content\/uploads\/2018\/12\/Playa-300x165.jpg"},{"@type":"BreadcrumbList","@id":"https:\/\/www.moriscosgolf.com\/hotel-golf-packages\/#breadcrumb","itemListElement":[{"@type":"ListItem","position":1,"name":"Home","item":"https:\/\/www.moriscosgolf.com\/es\/"},{"@type":"ListItem","position":2,"name":"Hotel &#038; Golf"}]},{"@type":"WebSite","@id":"https:\/\/www.moriscosgolf.com\/es\/#website","url":"https:\/\/www.moriscosgolf.com\/es\/","name":"Los Moriscos Club de Golf","description":"Campo de golf en la Costa Tropical","publisher":{"@id":"https:\/\/www.moriscosgolf.com\/es\/#organization"},"potentialAction":[{"@type":"SearchAction","target":{"@type":"EntryPoint","urlTemplate":"https:\/\/www.moriscosgolf.com\/es\/?s={search_term_string}"},"query-input":{"@type":"PropertyValueSpecification","valueRequired":true,"valueName":"search_term_string"}}],"inLanguage":"es"},{"@type":"Organization","@id":"https:\/\/www.moriscosgolf.com\/es\/#organization","name":"Los Moriscos Club de Golf","url":"https:\/\/www.moriscosgolf.com\/es\/","logo":{"@type":"ImageObject","inLanguage":"es","@id":"https:\/\/www.moriscosgolf.com\/es\/#\/schema\/logo\/image\/","url":"https:\/\/www.moriscosgolf.com\/wp-content\/uploads\/2018\/12\/cropped-ClubLosMoriscos.jpg","contentUrl":"https:\/\/www.moriscosgolf.com\/wp-content\/uploads\/2018\/12\/cropped-ClubLosMoriscos.jpg","width":512,"height":512,"caption":"Los Moriscos Club de Golf"},"image":{"@id":"https:\/\/www.moriscosgolf.com\/es\/#\/schema\/logo\/image\/"},"sameAs":["https:\/\/www.facebook.com\/MoriscosGolf"]}]}},"_links":{"self":[{"href":"https:\/\/www.moriscosgolf.com\/es\/wp-json\/wp\/v2\/pages\/7683\/"}],"collection":[{"href":"https:\/\/www.moriscosgolf.com\/es\/wp-json\/wp\/v2\/pages\/"}],"about":[{"href":"https:\/\/www.moriscosgolf.com\/es\/wp-json\/wp\/v2\/types\/page\/"}],"author":[{"embeddable":true,"href":"https:\/\/www.moriscosgolf.com\/es\/wp-json\/wp\/v2\/users\/1\/"}],"replies":[{"embeddable":true,"href":"https:\/\/www.moriscosgolf.com\/es\/wp-json\/wp\/v2\/comments\/?post=7683"}],"version-history":[{"count":11,"href":"https:\/\/www.moriscosgolf.com\/es\/wp-json\/wp\/v2\/pages\/7683\/revisions\/"}],"predecessor-version":[{"id":9967,"href":"https:\/\/www.moriscosgolf.com\/es\/wp-json\/wp\/v2\/pages\/7683\/revisions\/9967\/"}],"wp:attachment":[{"href":"https:\/\/www.moriscosgolf.com\/es\/wp-json\/wp\/v2\/media\/?parent=7683"}],"curies":[{"name":"wp","href":"https:\/\/api.w.org\/{rel}","templated":true}]}}